{"id":1765,"date":"2025-08-21T18:38:52","date_gmt":"2025-08-21T16:38:52","guid":{"rendered":"https:\/\/www.jenny-online.fr\/wordpress\/?page_id=1765"},"modified":"2025-08-22T11:39:52","modified_gmt":"2025-08-22T09:39:52","slug":"svtice","status":"publish","type":"page","link":"https:\/\/www.jenny-online.fr\/wordpress\/svtice\/","title":{"rendered":"SVTice &#8211; Les cours de SVT de M. JENNY"},"content":{"rendered":"\t\t<div data-elementor-type=\"wp-page\" data-elementor-id=\"1765\" class=\"elementor elementor-1765\">\n\t\t\t\t\t\t<section class=\"elementor-section elementor-top-section elementor-element elementor-element-72f8c1f elementor-section-boxed elementor-section-height-default elementor-section-height-default\" data-id=\"72f8c1f\" data-element_type=\"section\" data-e-type=\"section\">\n\t\t\t\t\t\t<div class=\"elementor-container elementor-column-gap-default\">\n\t\t\t\t\t<div class=\"elementor-column elementor-col-100 elementor-top-column elementor-element elementor-element-36f5222\" data-id=\"36f5222\" data-element_type=\"column\" data-e-type=\"column\">\n\t\t\t<div class=\"elementor-widget-wrap elementor-element-populated\">\n\t\t\t\t\t\t<div class=\"elementor-element elementor-element-fcbe2e9 elementor-widget elementor-widget-spacer\" data-id=\"fcbe2e9\" data-element_type=\"widget\" data-e-type=\"widget\" data-widget_type=\"spacer.default\">\n\t\t\t\t<div class=\"elementor-widget-container\">\n\t\t\t\t\t\t\t<div class=\"elementor-spacer\">\n\t\t\t<div class=\"elementor-spacer-inner\"><\/div>\n\t\t<\/div>\n\t\t\t\t\t\t<\/div>\n\t\t\t\t<\/div>\n\t\t\t\t<div class=\"elementor-element elementor-element-e50cdc7 elementor-widget elementor-widget-heading\" data-id=\"e50cdc7\" data-element_type=\"widget\" data-e-type=\"widget\" data-widget_type=\"heading.default\">\n\t\t\t\t<div class=\"elementor-widget-container\">\n\t\t\t\t\t<h2 class=\"elementor-heading-title elementor-size-default\">La moindre chose contient un peu d'inconnu. Trouvons-le !<\/h2>\t\t\t\t<\/div>\n\t\t\t\t<\/div>\n\t\t\t\t<div class=\"elementor-element elementor-element-24e496d elementor-widget elementor-widget-heading\" data-id=\"24e496d\" data-element_type=\"widget\" data-e-type=\"widget\" data-widget_type=\"heading.default\">\n\t\t\t\t<div class=\"elementor-widget-container\">\n\t\t\t\t\t<h2 class=\"elementor-heading-title elementor-size-default\">- GUY DE Maupassant<\/h2>\t\t\t\t<\/div>\n\t\t\t\t<\/div>\n\t\t\t\t\t<\/div>\n\t\t<\/div>\n\t\t\t\t\t<\/div>\n\t\t<\/section>\n\t\t\t\t<section class=\"elementor-section elementor-top-section elementor-element elementor-element-f1ab64c elementor-section-boxed elementor-section-height-default elementor-section-height-default\" data-id=\"f1ab64c\" data-element_type=\"section\" data-e-type=\"section\">\n\t\t\t\t\t\t<div class=\"elementor-container elementor-column-gap-default\">\n\t\t\t\t\t<div class=\"elementor-column elementor-col-33 elementor-top-column elementor-element elementor-element-da7c275\" data-id=\"da7c275\" data-element_type=\"column\" data-e-type=\"column\">\n\t\t\t<div class=\"elementor-widget-wrap elementor-element-populated\">\n\t\t\t\t\t\t<div class=\"elementor-element elementor-element-130525c elementor-invisible elementor-widget elementor-widget-image\" data-id=\"130525c\" data-element_type=\"widget\" data-e-type=\"widget\" data-settings=\"{&quot;_animation&quot;:&quot;wobble&quot;}\" data-widget_type=\"image.default\">\n\t\t\t\t<div class=\"elementor-widget-container\">\n\t\t\t\t\t\t\t\t\t\t\t\t\t\t\t<img decoding=\"async\" width=\"163\" height=\"193\" src=\"https:\/\/www.jenny-online.fr\/wordpress\/wp-content\/uploads\/2024\/04\/Logo-SVT-SANS-FOND.png\" class=\"attachment-large size-large wp-image-1644\" alt=\"Logo SVT SANS FOND\" \/>\t\t\t\t\t\t\t\t\t\t\t\t\t\t\t<\/div>\n\t\t\t\t<\/div>\n\t\t\t\t\t<\/div>\n\t\t<\/div>\n\t\t\t\t<div class=\"elementor-column elementor-col-66 elementor-top-column elementor-element elementor-element-a92be55\" data-id=\"a92be55\" data-element_type=\"column\" data-e-type=\"column\">\n\t\t\t<div class=\"elementor-widget-wrap elementor-element-populated\">\n\t\t\t\t\t\t<div class=\"elementor-element elementor-element-68d3b9a elementor-widget elementor-widget-text-editor\" data-id=\"68d3b9a\" data-element_type=\"widget\" data-e-type=\"widget\" data-widget_type=\"text-editor.default\">\n\t\t\t\t<div class=\"elementor-widget-container\">\n\t\t\t\t\t\t\t\t\t<p class=\"txt_p \">Ce site s\u2019adresse essentiellement aux <strong class=\"txt_emphasis_is \">\u00e9l\u00e8ves<\/strong>. Il a pour but de <strong class=\"txt_emphasis_is \">mettre \u00e0 disposition les documents distribu\u00e9s<\/strong> en classe ainsi que les \u00ab\u00a0traces \u00e9crites\u00a0\u00bb, c\u2019est \u00e0 dire ce qui a \u00e9t\u00e9 marqu\u00e9 au tableau pendant les cours de SVT.<\/p><p class=\"txt_p \"><strong class=\"txt_emphasis_is \">Rattraper le cours, c\u2019est ta mission\u00a0! <\/strong>Tu peux utiliser ce site pour retrouver les diff\u00e9rents chapitres et les diff\u00e9rentes activit\u00e9s trait\u00e9es en classe. Une section d\u00e9di\u00e9e \u00e0 la m\u00e9thodologie te permettra de travailler \u00e0 ton rythme les diff\u00e9rentes comp\u00e9tences utiles en SVT.<\/p>\t\t\t\t\t\t\t\t<\/div>\n\t\t\t\t<\/div>\n\t\t\t\t\t<\/div>\n\t\t<\/div>\n\t\t\t\t\t<\/div>\n\t\t<\/section>\n\t\t\t\t<section class=\"elementor-section elementor-top-section elementor-element elementor-element-fae41b2 elementor-section-boxed elementor-section-height-default elementor-section-height-default\" data-id=\"fae41b2\" data-element_type=\"section\" data-e-type=\"section\">\n\t\t\t\t\t\t<div class=\"elementor-container elementor-column-gap-default\">\n\t\t\t\t\t<div class=\"elementor-column elementor-col-100 elementor-top-column elementor-element elementor-element-29df8da\" data-id=\"29df8da\" data-element_type=\"column\" data-e-type=\"column\">\n\t\t\t<div class=\"elementor-widget-wrap elementor-element-populated\">\n\t\t\t\t\t\t<div class=\"elementor-element elementor-element-351a8c3 elementor-widget elementor-widget-spacer\" data-id=\"351a8c3\" data-element_type=\"widget\" data-e-type=\"widget\" data-widget_type=\"spacer.default\">\n\t\t\t\t<div class=\"elementor-widget-container\">\n\t\t\t\t\t\t\t<div class=\"elementor-spacer\">\n\t\t\t<div class=\"elementor-spacer-inner\"><\/div>\n\t\t<\/div>\n\t\t\t\t\t\t<\/div>\n\t\t\t\t<\/div>\n\t\t\t\t<div class=\"elementor-element elementor-element-3b5ae5a elementor-widget elementor-widget-heading\" data-id=\"3b5ae5a\" data-element_type=\"widget\" data-e-type=\"widget\" data-widget_type=\"heading.default\">\n\t\t\t\t<div class=\"elementor-widget-container\">\n\t\t\t\t\t<h2 class=\"elementor-heading-title elementor-size-default\">Les cours<\/h2>\t\t\t\t<\/div>\n\t\t\t\t<\/div>\n\t\t\t\t\t<\/div>\n\t\t<\/div>\n\t\t\t\t\t<\/div>\n\t\t<\/section>\n\t\t\t\t<section class=\"elementor-section elementor-top-section elementor-element elementor-element-13705b0 elementor-section-boxed elementor-section-height-default elementor-section-height-default\" data-id=\"13705b0\" data-element_type=\"section\" data-e-type=\"section\">\n\t\t\t\t\t\t<div class=\"elementor-container elementor-column-gap-default\">\n\t\t\t\t\t<div class=\"elementor-column elementor-col-33 elementor-top-column elementor-element elementor-element-fe5cabe\" data-id=\"fe5cabe\" data-element_type=\"column\" data-e-type=\"column\">\n\t\t\t<div class=\"elementor-widget-wrap elementor-element-populated\">\n\t\t\t\t\t\t<div class=\"elementor-element elementor-element-d2f9b6b elementor-widget elementor-widget-image\" data-id=\"d2f9b6b\" data-element_type=\"widget\" data-e-type=\"widget\" data-widget_type=\"image.default\">\n\t\t\t\t<div class=\"elementor-widget-container\">\n\t\t\t\t\t\t\t\t\t\t\t\t\t\t\t\t<a href=\"https:\/\/www.jenny-online.fr\/wordpress\/svtice\/niveau-6eme\/\">\n\t\t\t\t\t\t\t<img fetchpriority=\"high\" decoding=\"async\" width=\"300\" height=\"291\" src=\"https:\/\/www.jenny-online.fr\/wordpress\/wp-content\/uploads\/2025\/08\/Coccinelle-300x291.png\" class=\"elementor-animation-grow attachment-medium size-medium wp-image-1782\" alt=\"Coccinelle\" srcset=\"https:\/\/www.jenny-online.fr\/wordpress\/wp-content\/uploads\/2025\/08\/Coccinelle-300x291.png 300w, https:\/\/www.jenny-online.fr\/wordpress\/wp-content\/uploads\/2025\/08\/Coccinelle.png 727w\" sizes=\"(max-width: 300px) 100vw, 300px\" \/>\t\t\t\t\t\t\t\t<\/a>\n\t\t\t\t\t\t\t\t\t\t\t\t\t\t\t<\/div>\n\t\t\t\t<\/div>\n\t\t\t\t<div class=\"elementor-element elementor-element-d07023c elementor-widget elementor-widget-heading\" data-id=\"d07023c\" data-element_type=\"widget\" data-e-type=\"widget\" data-widget_type=\"heading.default\">\n\t\t\t\t<div class=\"elementor-widget-container\">\n\t\t\t\t\t<h2 class=\"elementor-heading-title elementor-size-default\"><a href=\"https:\/\/www.jenny-online.fr\/wordpress\/svtice\/niveau-6eme\/\" target=\"_blank\">Niveau 6\u00e8me<\/a><\/h2>\t\t\t\t<\/div>\n\t\t\t\t<\/div>\n\t\t\t\t\t<\/div>\n\t\t<\/div>\n\t\t\t\t<div class=\"elementor-column elementor-col-33 elementor-top-column elementor-element elementor-element-c91f1d5\" data-id=\"c91f1d5\" data-element_type=\"column\" data-e-type=\"column\">\n\t\t\t<div class=\"elementor-widget-wrap elementor-element-populated\">\n\t\t\t\t\t\t<div class=\"elementor-element elementor-element-7a4d045 elementor-widget elementor-widget-image\" data-id=\"7a4d045\" data-element_type=\"widget\" data-e-type=\"widget\" data-widget_type=\"image.default\">\n\t\t\t\t<div class=\"elementor-widget-container\">\n\t\t\t\t\t\t\t\t\t\t\t\t\t\t\t\t<a href=\"https:\/\/www.jenny-online.fr\/wordpress\/svtice\/niveau-5eme\/\">\n\t\t\t\t\t\t\t<img decoding=\"async\" width=\"300\" height=\"290\" src=\"https:\/\/www.jenny-online.fr\/wordpress\/wp-content\/uploads\/2025\/08\/Dauphin-300x290.png\" class=\"elementor-animation-grow attachment-medium size-medium wp-image-1783\" alt=\"Dauphin\" srcset=\"https:\/\/www.jenny-online.fr\/wordpress\/wp-content\/uploads\/2025\/08\/Dauphin-300x290.png 300w, https:\/\/www.jenny-online.fr\/wordpress\/wp-content\/uploads\/2025\/08\/Dauphin.png 727w\" sizes=\"(max-width: 300px) 100vw, 300px\" \/>\t\t\t\t\t\t\t\t<\/a>\n\t\t\t\t\t\t\t\t\t\t\t\t\t\t\t<\/div>\n\t\t\t\t<\/div>\n\t\t\t\t<div class=\"elementor-element elementor-element-ce33ace elementor-widget elementor-widget-heading\" data-id=\"ce33ace\" data-element_type=\"widget\" data-e-type=\"widget\" data-widget_type=\"heading.default\">\n\t\t\t\t<div class=\"elementor-widget-container\">\n\t\t\t\t\t<h2 class=\"elementor-heading-title elementor-size-default\"><a href=\"https:\/\/www.jenny-online.fr\/wordpress\/svtice\/niveau-5eme\/\" target=\"_blank\">Niveau 5\u00e8me<\/a><\/h2>\t\t\t\t<\/div>\n\t\t\t\t<\/div>\n\t\t\t\t\t<\/div>\n\t\t<\/div>\n\t\t\t\t<div class=\"elementor-column elementor-col-33 elementor-top-column elementor-element elementor-element-fb892b1\" data-id=\"fb892b1\" data-element_type=\"column\" data-e-type=\"column\">\n\t\t\t<div class=\"elementor-widget-wrap elementor-element-populated\">\n\t\t\t\t\t\t<div class=\"elementor-element elementor-element-420abec elementor-widget elementor-widget-image\" data-id=\"420abec\" data-element_type=\"widget\" data-e-type=\"widget\" data-widget_type=\"image.default\">\n\t\t\t\t<div class=\"elementor-widget-container\">\n\t\t\t\t\t\t\t\t\t\t\t\t\t\t\t\t<a href=\"https:\/\/www.jenny-online.fr\/wordpress\/svtice\/niveau-3eme\/\">\n\t\t\t\t\t\t\t<img loading=\"lazy\" decoding=\"async\" width=\"300\" height=\"290\" src=\"https:\/\/www.jenny-online.fr\/wordpress\/wp-content\/uploads\/2025\/08\/Oiseau-300x290.png\" class=\"elementor-animation-grow attachment-medium size-medium wp-image-1784\" alt=\"Oiseau\" srcset=\"https:\/\/www.jenny-online.fr\/wordpress\/wp-content\/uploads\/2025\/08\/Oiseau-300x290.png 300w, https:\/\/www.jenny-online.fr\/wordpress\/wp-content\/uploads\/2025\/08\/Oiseau.png 726w\" sizes=\"(max-width: 300px) 100vw, 300px\" \/>\t\t\t\t\t\t\t\t<\/a>\n\t\t\t\t\t\t\t\t\t\t\t\t\t\t\t<\/div>\n\t\t\t\t<\/div>\n\t\t\t\t<div class=\"elementor-element elementor-element-01c5b6a elementor-widget elementor-widget-heading\" data-id=\"01c5b6a\" data-element_type=\"widget\" data-e-type=\"widget\" data-widget_type=\"heading.default\">\n\t\t\t\t<div class=\"elementor-widget-container\">\n\t\t\t\t\t<h2 class=\"elementor-heading-title elementor-size-default\"><a href=\"https:\/\/www.jenny-online.fr\/wordpress\/svtice\/niveau-3eme\/\" target=\"_blank\">Niveau 3\u00e8me<\/a><\/h2>\t\t\t\t<\/div>\n\t\t\t\t<\/div>\n\t\t\t\t\t<\/div>\n\t\t<\/div>\n\t\t\t\t\t<\/div>\n\t\t<\/section>\n\t\t\t\t<section class=\"elementor-section elementor-top-section elementor-element elementor-element-64aebe4 elementor-section-boxed elementor-section-height-default elementor-section-height-default\" data-id=\"64aebe4\" data-element_type=\"section\" data-e-type=\"section\">\n\t\t\t\t\t\t<div class=\"elementor-container elementor-column-gap-default\">\n\t\t\t\t\t<div class=\"elementor-column elementor-col-100 elementor-top-column elementor-element elementor-element-abc8a09\" data-id=\"abc8a09\" data-element_type=\"column\" data-e-type=\"column\">\n\t\t\t<div class=\"elementor-widget-wrap elementor-element-populated\">\n\t\t\t\t\t\t<div class=\"elementor-element elementor-element-3158a3a elementor-widget elementor-widget-spacer\" data-id=\"3158a3a\" data-element_type=\"widget\" data-e-type=\"widget\" data-widget_type=\"spacer.default\">\n\t\t\t\t<div class=\"elementor-widget-container\">\n\t\t\t\t\t\t\t<div class=\"elementor-spacer\">\n\t\t\t<div class=\"elementor-spacer-inner\"><\/div>\n\t\t<\/div>\n\t\t\t\t\t\t<\/div>\n\t\t\t\t<\/div>\n\t\t\t\t<div class=\"elementor-element elementor-element-964db36 elementor-widget elementor-widget-heading\" data-id=\"964db36\" data-element_type=\"widget\" data-e-type=\"widget\" data-widget_type=\"heading.default\">\n\t\t\t\t<div class=\"elementor-widget-container\">\n\t\t\t\t\t<h2 class=\"elementor-heading-title elementor-size-default\">Les Ressources<\/h2>\t\t\t\t<\/div>\n\t\t\t\t<\/div>\n\t\t\t\t\t<\/div>\n\t\t<\/div>\n\t\t\t\t\t<\/div>\n\t\t<\/section>\n\t\t\t\t<section class=\"elementor-section elementor-top-section elementor-element elementor-element-879bfde elementor-section-boxed elementor-section-height-default elementor-section-height-default\" data-id=\"879bfde\" data-element_type=\"section\" data-e-type=\"section\">\n\t\t\t\t\t\t<div class=\"elementor-container elementor-column-gap-default\">\n\t\t\t\t\t<div class=\"elementor-column elementor-col-33 elementor-top-column elementor-element elementor-element-6fc6788\" data-id=\"6fc6788\" data-element_type=\"column\" data-e-type=\"column\">\n\t\t\t<div class=\"elementor-widget-wrap elementor-element-populated\">\n\t\t\t\t\t\t<div class=\"elementor-element elementor-element-446fe3e elementor-widget elementor-widget-image\" data-id=\"446fe3e\" data-element_type=\"widget\" data-e-type=\"widget\" data-widget_type=\"image.default\">\n\t\t\t\t<div class=\"elementor-widget-container\">\n\t\t\t\t\t\t\t\t\t\t\t\t\t\t\t\t<a href=\"https:\/\/www.jenny-online.fr\/wordpress\/svtice\/competences\/\">\n\t\t\t\t\t\t\t<img loading=\"lazy\" decoding=\"async\" width=\"300\" height=\"292\" src=\"https:\/\/www.jenny-online.fr\/wordpress\/wp-content\/uploads\/2025\/08\/Potions-300x292.png\" class=\"elementor-animation-grow attachment-medium size-medium wp-image-1785\" alt=\"Potions\" srcset=\"https:\/\/www.jenny-online.fr\/wordpress\/wp-content\/uploads\/2025\/08\/Potions-300x292.png 300w, https:\/\/www.jenny-online.fr\/wordpress\/wp-content\/uploads\/2025\/08\/Potions.png 726w\" sizes=\"(max-width: 300px) 100vw, 300px\" \/>\t\t\t\t\t\t\t\t<\/a>\n\t\t\t\t\t\t\t\t\t\t\t\t\t\t\t<\/div>\n\t\t\t\t<\/div>\n\t\t\t\t<div class=\"elementor-element elementor-element-67eea2f elementor-widget elementor-widget-heading\" data-id=\"67eea2f\" data-element_type=\"widget\" data-e-type=\"widget\" data-widget_type=\"heading.default\">\n\t\t\t\t<div class=\"elementor-widget-container\">\n\t\t\t\t\t<h2 class=\"elementor-heading-title elementor-size-default\"><a href=\"https:\/\/www.jenny-online.fr\/wordpress\/svtice\/competences\/\" target=\"_blank\">Tutoriels Comp\u00e9tences et M\u00e9thodologies<\/a><\/h2>\t\t\t\t<\/div>\n\t\t\t\t<\/div>\n\t\t\t\t<div class=\"elementor-element elementor-element-1e62c74 elementor-widget elementor-widget-heading\" data-id=\"1e62c74\" data-element_type=\"widget\" data-e-type=\"widget\" data-widget_type=\"heading.default\">\n\t\t\t\t<div class=\"elementor-widget-container\">\n\t\t\t\t\t<h2 class=\"elementor-heading-title elementor-size-default\"><a href=\"https:\/\/www.jenny-online.fr\/ressources\/metazoaires.html\" target=\"_blank\">Tu trouveras ici des tutoriels et des exercices pour mieux maitriser les principales comp\u00e9tences travaill\u00e9es en SVT.<\/a><\/h2>\t\t\t\t<\/div>\n\t\t\t\t<\/div>\n\t\t\t\t\t<\/div>\n\t\t<\/div>\n\t\t\t\t<div class=\"elementor-column elementor-col-33 elementor-top-column elementor-element elementor-element-dd5b59b\" data-id=\"dd5b59b\" data-element_type=\"column\" data-e-type=\"column\">\n\t\t\t<div class=\"elementor-widget-wrap elementor-element-populated\">\n\t\t\t\t\t\t<div class=\"elementor-element elementor-element-c2497ca elementor-widget elementor-widget-image\" data-id=\"c2497ca\" data-element_type=\"widget\" data-e-type=\"widget\" data-widget_type=\"image.default\">\n\t\t\t\t<div class=\"elementor-widget-container\">\n\t\t\t\t\t\t\t\t\t\t\t\t\t\t\t\t<a href=\"https:\/\/www.jenny-online.fr\/wordpress\/svtice\/contrat-cahier\/\">\n\t\t\t\t\t\t\t<img loading=\"lazy\" decoding=\"async\" width=\"300\" height=\"290\" src=\"https:\/\/www.jenny-online.fr\/wordpress\/wp-content\/uploads\/2025\/08\/Livres-300x290.png\" class=\"elementor-animation-grow attachment-medium size-medium wp-image-1788\" alt=\"Livres\" srcset=\"https:\/\/www.jenny-online.fr\/wordpress\/wp-content\/uploads\/2025\/08\/Livres-300x290.png 300w, https:\/\/www.jenny-online.fr\/wordpress\/wp-content\/uploads\/2025\/08\/Livres.png 729w\" sizes=\"(max-width: 300px) 100vw, 300px\" \/>\t\t\t\t\t\t\t\t<\/a>\n\t\t\t\t\t\t\t\t\t\t\t\t\t\t\t<\/div>\n\t\t\t\t<\/div>\n\t\t\t\t<div class=\"elementor-element elementor-element-36e67d3 elementor-widget elementor-widget-heading\" data-id=\"36e67d3\" data-element_type=\"widget\" data-e-type=\"widget\" data-widget_type=\"heading.default\">\n\t\t\t\t<div class=\"elementor-widget-container\">\n\t\t\t\t\t<h2 class=\"elementor-heading-title elementor-size-default\"><a href=\"https:\/\/www.jenny-online.fr\/wordpress\/svtice\/contrat-cahier\/\" target=\"_blank\">Contrat P\u00e9dagogique et Pr\u00e9sentation du Cahier<\/a><\/h2>\t\t\t\t<\/div>\n\t\t\t\t<\/div>\n\t\t\t\t<div class=\"elementor-element elementor-element-6ede8f1 elementor-widget elementor-widget-heading\" data-id=\"6ede8f1\" data-element_type=\"widget\" data-e-type=\"widget\" data-widget_type=\"heading.default\">\n\t\t\t\t<div class=\"elementor-widget-container\">\n\t\t\t\t\t<h2 class=\"elementor-heading-title elementor-size-default\"><a href=\"https:\/\/www.jenny-online.fr\/ressources\/metazoaires.html\" target=\"_blank\">Tu pourras retrouver ici les documents distribu\u00e9s en d\u00e9but d\u2019ann\u00e9e&nbsp;: r\u00e8gles en cours de SVT&nbsp;; r\u00e8gles de pr\u00e9sentation du cahier&nbsp;; liste des comp\u00e9tences travaill\u00e9es...<\/a><\/h2>\t\t\t\t<\/div>\n\t\t\t\t<\/div>\n\t\t\t\t\t<\/div>\n\t\t<\/div>\n\t\t\t\t<div class=\"elementor-column elementor-col-33 elementor-top-column elementor-element elementor-element-aa58977\" data-id=\"aa58977\" data-element_type=\"column\" data-e-type=\"column\">\n\t\t\t<div class=\"elementor-widget-wrap elementor-element-populated\">\n\t\t\t\t\t\t<div class=\"elementor-element elementor-element-d210b74 elementor-widget elementor-widget-image\" data-id=\"d210b74\" data-element_type=\"widget\" data-e-type=\"widget\" data-widget_type=\"image.default\">\n\t\t\t\t<div class=\"elementor-widget-container\">\n\t\t\t\t\t\t\t\t\t\t\t\t\t\t\t\t<a href=\"https:\/\/www.jenny-online.fr\/wordpress\/svtice\/pppe\/\">\n\t\t\t\t\t\t\t<img loading=\"lazy\" decoding=\"async\" width=\"300\" height=\"290\" src=\"https:\/\/www.jenny-online.fr\/wordpress\/wp-content\/uploads\/2025\/08\/Cours-300x290.png\" class=\"elementor-animation-grow attachment-medium size-medium wp-image-1786\" alt=\"Cours\" srcset=\"https:\/\/www.jenny-online.fr\/wordpress\/wp-content\/uploads\/2025\/08\/Cours-300x290.png 300w, https:\/\/www.jenny-online.fr\/wordpress\/wp-content\/uploads\/2025\/08\/Cours.png 726w\" sizes=\"(max-width: 300px) 100vw, 300px\" \/>\t\t\t\t\t\t\t\t<\/a>\n\t\t\t\t\t\t\t\t\t\t\t\t\t\t\t<\/div>\n\t\t\t\t<\/div>\n\t\t\t\t<div class=\"elementor-element elementor-element-76a74da elementor-widget elementor-widget-heading\" data-id=\"76a74da\" data-element_type=\"widget\" data-e-type=\"widget\" data-widget_type=\"heading.default\">\n\t\t\t\t<div class=\"elementor-widget-container\">\n\t\t\t\t\t<h2 class=\"elementor-heading-title elementor-size-default\"><a href=\"https:\/\/www.jenny-online.fr\/wordpress\/svtice\/pppe\/\" target=\"_blank\">Licence Pr\u00e9paratoire au Professorat des \u00c9coles<\/a><\/h2>\t\t\t\t<\/div>\n\t\t\t\t<\/div>\n\t\t\t\t<div class=\"elementor-element elementor-element-b160888 elementor-widget elementor-widget-heading\" data-id=\"b160888\" data-element_type=\"widget\" data-e-type=\"widget\" data-widget_type=\"heading.default\">\n\t\t\t\t<div class=\"elementor-widget-container\">\n\t\t\t\t\t<h2 class=\"elementor-heading-title elementor-size-default\"><a href=\"https:\/\/www.jenny-online.fr\/ressources\/metazoaires.html\" target=\"_blank\">Section d\u00e9di\u00e9e aux \u00e9tudiants en licence PPPE de l\u2019UVSQ pour les UE Bi203P \u00ab&nbsp;Ordre et diversit\u00e9 du vivant&nbsp;\u00bb et Bi520 \u00ab&nbsp;Biologie&nbsp;\u00bb<\/a><\/h2>\t\t\t\t<\/div>\n\t\t\t\t<\/div>\n\t\t\t\t\t<\/div>\n\t\t<\/div>\n\t\t\t\t\t<\/div>\n\t\t<\/section>\n\t\t\t\t<section class=\"elementor-section elementor-top-section elementor-element elementor-element-d5e2536 elementor-section-boxed elementor-section-height-default elementor-section-height-default\" data-id=\"d5e2536\" data-element_type=\"section\" data-e-type=\"section\">\n\t\t\t\t\t\t<div class=\"elementor-container elementor-column-gap-default\">\n\t\t\t\t\t<div class=\"elementor-column elementor-col-100 elementor-top-column elementor-element elementor-element-91579de\" data-id=\"91579de\" data-element_type=\"column\" data-e-type=\"column\">\n\t\t\t<div class=\"elementor-widget-wrap elementor-element-populated\">\n\t\t\t\t\t\t<div class=\"elementor-element elementor-element-5f845f8 elementor-widget elementor-widget-spacer\" data-id=\"5f845f8\" data-element_type=\"widget\" data-e-type=\"widget\" data-widget_type=\"spacer.default\">\n\t\t\t\t<div class=\"elementor-widget-container\">\n\t\t\t\t\t\t\t<div class=\"elementor-spacer\">\n\t\t\t<div class=\"elementor-spacer-inner\"><\/div>\n\t\t<\/div>\n\t\t\t\t\t\t<\/div>\n\t\t\t\t<\/div>\n\t\t\t\t<div class=\"elementor-element elementor-element-9b7f457 elementor-widget elementor-widget-text-editor\" data-id=\"9b7f457\" data-element_type=\"widget\" data-e-type=\"widget\" data-widget_type=\"text-editor.default\">\n\t\t\t\t<div class=\"elementor-widget-container\">\n\t\t\t\t\t\t\t\t\t<p><em>Image de Couverture : Ousa Ch\u00e9a &#8211; Les vignettes de cette page ont \u00e9t\u00e9 g\u00e9n\u00e9r\u00e9es par IA.<\/em><\/p>\t\t\t\t\t\t\t\t<\/div>\n\t\t\t\t<\/div>\n\t\t\t\t<div class=\"elementor-element elementor-element-02df955 elementor-widget elementor-widget-spacer\" data-id=\"02df955\" data-element_type=\"widget\" data-e-type=\"widget\" data-widget_type=\"spacer.default\">\n\t\t\t\t<div class=\"elementor-widget-container\">\n\t\t\t\t\t\t\t<div class=\"elementor-spacer\">\n\t\t\t<div class=\"elementor-spacer-inner\"><\/div>\n\t\t<\/div>\n\t\t\t\t\t\t<\/div>\n\t\t\t\t<\/div>\n\t\t\t\t\t<\/div>\n\t\t<\/div>\n\t\t\t\t\t<\/div>\n\t\t<\/section>\n\t\t\t\t<\/div>\n\t\t","protected":false},"excerpt":{"rendered":"<p>La moindre chose contient un peu d&rsquo;inconnu. Trouvons-le ! &#8211; GUY DE Maupassant Ce site s\u2019adresse essentiellement aux \u00e9l\u00e8ves. Il a pour but de mettre \u00e0 disposition les documents distribu\u00e9s en classe ainsi que les \u00ab\u00a0traces \u00e9crites\u00a0\u00bb, c\u2019est \u00e0 dire ce qui a \u00e9t\u00e9 marqu\u00e9 au tableau pendant les cours [&hellip;]<\/p>\n","protected":false},"author":1,"featured_media":1956,"parent":0,"menu_order":0,"comment_status":"closed","ping_status":"closed","template":"page-templates\/template-fullwidth.php","meta":{"_eb_attr":"","slim_seo":{"title":"SVTice - Cours de SVT de M. JENNY","description":"Cette page s\u2019adresse essentiellement aux \u00e9l\u00e8ves. Il a pour but de mettre \u00e0 disposition les documents distribu\u00e9s en classe ainsi que les \u00ab traces \u00e9crites \u00bb, c\u2019est \u00e0 dire ce qui a \u00e9t\u00e9 marqu\u00e9 au tableau pendant les cours de SVT. Rattraper le cours, c\u2019est ta mission ! Tu peux utiliser ce site pour retrouver les diff\u00e9rents chapitres et les diff\u00e9rentes activit\u00e9s trait\u00e9es en classe. Une section d\u00e9di\u00e9e \u00e0 la m\u00e9thodologie te permettra de travailler \u00e0 ton rythme les diff\u00e9rentes comp\u00e9tences utiles en SVT."},"footnotes":""},"class_list":["post-1765","page","type-page","status-publish","has-post-thumbnail","hentry"],"_links":{"self":[{"href":"https:\/\/www.jenny-online.fr\/wordpress\/wp-json\/wp\/v2\/pages\/1765","targetHints":{"allow":["GET"]}}],"collection":[{"href":"https:\/\/www.jenny-online.fr\/wordpress\/wp-json\/wp\/v2\/pages"}],"about":[{"href":"https:\/\/www.jenny-online.fr\/wordpress\/wp-json\/wp\/v2\/types\/page"}],"author":[{"embeddable":true,"href":"https:\/\/www.jenny-online.fr\/wordpress\/wp-json\/wp\/v2\/users\/1"}],"replies":[{"embeddable":true,"href":"https:\/\/www.jenny-online.fr\/wordpress\/wp-json\/wp\/v2\/comments?post=1765"}],"version-history":[{"count":31,"href":"https:\/\/www.jenny-online.fr\/wordpress\/wp-json\/wp\/v2\/pages\/1765\/revisions"}],"predecessor-version":[{"id":1985,"href":"https:\/\/www.jenny-online.fr\/wordpress\/wp-json\/wp\/v2\/pages\/1765\/revisions\/1985"}],"wp:featuredmedia":[{"embeddable":true,"href":"https:\/\/www.jenny-online.fr\/wordpress\/wp-json\/wp\/v2\/media\/1956"}],"wp:attachment":[{"href":"https:\/\/www.jenny-online.fr\/wordpress\/wp-json\/wp\/v2\/media?parent=1765"}],"curies":[{"name":"wp","href":"https:\/\/api.w.org\/{rel}","templated":true}]}}