{"id":1875,"date":"2025-08-21T21:15:39","date_gmt":"2025-08-21T19:15:39","guid":{"rendered":"https:\/\/www.jenny-online.fr\/wordpress\/?page_id=1875"},"modified":"2026-01-02T17:09:24","modified_gmt":"2026-01-02T16:09:24","slug":"pppe","status":"publish","type":"page","link":"https:\/\/www.jenny-online.fr\/wordpress\/svtice\/pppe\/","title":{"rendered":"PPPE"},"content":{"rendered":"\t\t<div data-elementor-type=\"wp-page\" data-elementor-id=\"1875\" class=\"elementor elementor-1875\">\n\t\t\t\t\t\t<section class=\"elementor-section elementor-top-section elementor-element elementor-element-0697ad5 elementor-section-boxed elementor-section-height-default elementor-section-height-default\" data-id=\"0697ad5\" data-element_type=\"section\" data-e-type=\"section\">\n\t\t\t\t\t\t<div class=\"elementor-container elementor-column-gap-default\">\n\t\t\t\t\t<div class=\"elementor-column elementor-col-100 elementor-top-column elementor-element elementor-element-b9b5d4b\" data-id=\"b9b5d4b\" data-element_type=\"column\" data-e-type=\"column\">\n\t\t\t<div class=\"elementor-widget-wrap elementor-element-populated\">\n\t\t\t\t\t\t<div class=\"elementor-element elementor-element-a27b7dc elementor-widget elementor-widget-spacer\" data-id=\"a27b7dc\" data-element_type=\"widget\" data-e-type=\"widget\" data-widget_type=\"spacer.default\">\n\t\t\t\t<div class=\"elementor-widget-container\">\n\t\t\t\t\t\t\t<div class=\"elementor-spacer\">\n\t\t\t<div class=\"elementor-spacer-inner\"><\/div>\n\t\t<\/div>\n\t\t\t\t\t\t<\/div>\n\t\t\t\t<\/div>\n\t\t\t\t\t<\/div>\n\t\t<\/div>\n\t\t\t\t\t<\/div>\n\t\t<\/section>\n\t\t\t\t<section class=\"elementor-section elementor-top-section elementor-element elementor-element-d5b0e76 elementor-section-boxed elementor-section-height-default elementor-section-height-default\" data-id=\"d5b0e76\" data-element_type=\"section\" data-e-type=\"section\">\n\t\t\t\t\t\t<div class=\"elementor-container elementor-column-gap-default\">\n\t\t\t\t\t<div class=\"elementor-column elementor-col-50 elementor-top-column elementor-element elementor-element-45a3ca8\" data-id=\"45a3ca8\" data-element_type=\"column\" data-e-type=\"column\">\n\t\t\t<div class=\"elementor-widget-wrap elementor-element-populated\">\n\t\t\t\t\t\t<div class=\"elementor-element elementor-element-e50cdc7 elementor-widget elementor-widget-heading\" data-id=\"e50cdc7\" data-element_type=\"widget\" data-e-type=\"widget\" data-widget_type=\"heading.default\">\n\t\t\t\t<div class=\"elementor-widget-container\">\n\t\t\t\t\t<h2 class=\"elementor-heading-title elementor-size-default\">Cette page est d\u00e9di\u00e9es aux \u00e9tudiants en <b>Licence PPPE<\/b> (Parcours Pr\u00e9paratoire au Professorat des \u00c9coles) <b>de l\u2019UVSQ<\/b>.\n<br>\n<i>Les modules ci-dessous permettent de <b>suivre le calendrier<\/b> des s\u00e9ances propos\u00e9es, d\u2019en <b>retrouver les documents <\/b>importants, et de <b>collaborer<\/b> !<\/i><\/h2>\t\t\t\t<\/div>\n\t\t\t\t<\/div>\n\t\t\t\t\t<\/div>\n\t\t<\/div>\n\t\t\t\t<div class=\"elementor-column elementor-col-50 elementor-top-column elementor-element elementor-element-dd4c20c\" data-id=\"dd4c20c\" data-element_type=\"column\" data-e-type=\"column\">\n\t\t\t<div class=\"elementor-widget-wrap elementor-element-populated\">\n\t\t\t\t\t\t<div class=\"elementor-element elementor-element-130525c elementor-widget elementor-widget-image\" data-id=\"130525c\" data-element_type=\"widget\" data-e-type=\"widget\" data-settings=\"{&quot;_animation&quot;:&quot;none&quot;}\" data-widget_type=\"image.default\">\n\t\t\t\t<div class=\"elementor-widget-container\">\n\t\t\t\t\t\t\t\t\t\t\t\t\t\t\t<img decoding=\"async\" width=\"300\" height=\"146\" src=\"https:\/\/www.jenny-online.fr\/wordpress\/wp-content\/uploads\/2025\/08\/UVSQ_Logo.svg-300x146.png\" class=\"attachment-medium size-medium wp-image-1877\" alt=\"Uvsq logo.svg\" srcset=\"https:\/\/www.jenny-online.fr\/wordpress\/wp-content\/uploads\/2025\/08\/UVSQ_Logo.svg-300x146.png 300w, https:\/\/www.jenny-online.fr\/wordpress\/wp-content\/uploads\/2025\/08\/UVSQ_Logo.svg-1024x497.png 1024w, https:\/\/www.jenny-online.fr\/wordpress\/wp-content\/uploads\/2025\/08\/UVSQ_Logo.svg-768x372.png 768w, https:\/\/www.jenny-online.fr\/wordpress\/wp-content\/uploads\/2025\/08\/UVSQ_Logo.svg.png 1200w\" sizes=\"(max-width: 300px) 100vw, 300px\" \/>\t\t\t\t\t\t\t\t\t\t\t\t\t\t\t<\/div>\n\t\t\t\t<\/div>\n\t\t\t\t\t<\/div>\n\t\t<\/div>\n\t\t\t\t\t<\/div>\n\t\t<\/section>\n\t\t\t\t<section class=\"elementor-section elementor-top-section elementor-element elementor-element-b34cd8d elementor-section-boxed elementor-section-height-default elementor-section-height-default\" data-id=\"b34cd8d\" data-element_type=\"section\" data-e-type=\"section\">\n\t\t\t\t\t\t<div class=\"elementor-container elementor-column-gap-default\">\n\t\t\t\t\t<div class=\"elementor-column elementor-col-100 elementor-top-column elementor-element elementor-element-aaa46e3\" data-id=\"aaa46e3\" data-element_type=\"column\" data-e-type=\"column\">\n\t\t\t<div class=\"elementor-widget-wrap elementor-element-populated\">\n\t\t\t\t\t\t<div class=\"elementor-element elementor-element-ba6b3a6 elementor-widget elementor-widget-spacer\" data-id=\"ba6b3a6\" data-element_type=\"widget\" data-e-type=\"widget\" data-widget_type=\"spacer.default\">\n\t\t\t\t<div class=\"elementor-widget-container\">\n\t\t\t\t\t\t\t<div class=\"elementor-spacer\">\n\t\t\t<div class=\"elementor-spacer-inner\"><\/div>\n\t\t<\/div>\n\t\t\t\t\t\t<\/div>\n\t\t\t\t<\/div>\n\t\t\t\t<div class=\"elementor-element elementor-element-937617e elementor-widget elementor-widget-heading\" data-id=\"937617e\" data-element_type=\"widget\" data-e-type=\"widget\" data-widget_type=\"heading.default\">\n\t\t\t\t<div class=\"elementor-widget-container\">\n\t\t\t\t\t<h2 class=\"elementor-heading-title elementor-size-default\">Modules<\/h2>\t\t\t\t<\/div>\n\t\t\t\t<\/div>\n\t\t\t\t\t<\/div>\n\t\t<\/div>\n\t\t\t\t\t<\/div>\n\t\t<\/section>\n\t\t\t\t<section class=\"elementor-section elementor-top-section elementor-element elementor-element-0e2e973 elementor-section-boxed elementor-section-height-default elementor-section-height-default\" data-id=\"0e2e973\" data-element_type=\"section\" data-e-type=\"section\">\n\t\t\t\t\t\t<div class=\"elementor-container elementor-column-gap-default\">\n\t\t\t\t\t<div class=\"elementor-column elementor-col-50 elementor-top-column elementor-element elementor-element-48f71a9\" data-id=\"48f71a9\" data-element_type=\"column\" data-e-type=\"column\">\n\t\t\t<div class=\"elementor-widget-wrap elementor-element-populated\">\n\t\t\t\t\t\t<div class=\"elementor-element elementor-element-e05503d elementor-widget elementor-widget-image\" data-id=\"e05503d\" data-element_type=\"widget\" data-e-type=\"widget\" data-widget_type=\"image.default\">\n\t\t\t\t<div class=\"elementor-widget-container\">\n\t\t\t\t\t\t\t\t\t\t\t\t\t\t\t<img fetchpriority=\"high\" decoding=\"async\" width=\"300\" height=\"172\" src=\"https:\/\/www.jenny-online.fr\/wordpress\/wp-content\/uploads\/2025\/08\/Darwin-Arbre-e1755804259825-300x172.png\" class=\"attachment-medium size-medium wp-image-1879\" alt=\"Darwin arbre\" srcset=\"https:\/\/www.jenny-online.fr\/wordpress\/wp-content\/uploads\/2025\/08\/Darwin-Arbre-e1755804259825-300x172.png 300w, https:\/\/www.jenny-online.fr\/wordpress\/wp-content\/uploads\/2025\/08\/Darwin-Arbre-e1755804259825.png 766w\" sizes=\"(max-width: 300px) 100vw, 300px\" \/>\t\t\t\t\t\t\t\t\t\t\t\t\t\t\t<\/div>\n\t\t\t\t<\/div>\n\t\t\t\t<div class=\"elementor-element elementor-element-d07023c elementor-widget elementor-widget-heading\" data-id=\"d07023c\" data-element_type=\"widget\" data-e-type=\"widget\" data-widget_type=\"heading.default\">\n\t\t\t\t<div class=\"elementor-widget-container\">\n\t\t\t\t\t<h2 class=\"elementor-heading-title elementor-size-default\">L2 PPPE<\/h2>\t\t\t\t<\/div>\n\t\t\t\t<\/div>\n\t\t\t\t<div class=\"elementor-element elementor-element-7fe99ad elementor-widget elementor-widget-heading\" data-id=\"7fe99ad\" data-element_type=\"widget\" data-e-type=\"widget\" data-widget_type=\"heading.default\">\n\t\t\t\t<div class=\"elementor-widget-container\">\n\t\t\t\t\t<h2 class=\"elementor-heading-title elementor-size-default\">Bi203P - Ordre et Diversit\u00e9 du Vivant<\/h2>\t\t\t\t<\/div>\n\t\t\t\t<\/div>\n\t\t\t\t<div class=\"elementor-element elementor-element-f558dbc elementor-align-center elementor-widget elementor-widget-button\" data-id=\"f558dbc\" data-element_type=\"widget\" data-e-type=\"widget\" data-widget_type=\"button.default\">\n\t\t\t\t<div class=\"elementor-widget-container\">\n\t\t\t\t\t\t\t\t\t<div class=\"elementor-button-wrapper\">\n\t\t\t\t\t<a class=\"elementor-button elementor-button-link elementor-size-sm\" href=\"https:\/\/svtice.jenny-online.fr\/svtice\/Licence%20PPPE\/L2%20PPPE%20Bi203P%20-%20Ann%C3%A9e%202026\/?t=home\">\n\t\t\t\t\t\t<span class=\"elementor-button-content-wrapper\">\n\t\t\t\t\t\t<span class=\"elementor-button-icon\">\n\t\t\t\t<i aria-hidden=\"true\" class=\"far fa-arrow-alt-circle-right\"><\/i>\t\t\t<\/span>\n\t\t\t\t\t\t\t\t\t<span class=\"elementor-button-text\">C'est parti !<\/span>\n\t\t\t\t\t<\/span>\n\t\t\t\t\t<\/a>\n\t\t\t\t<\/div>\n\t\t\t\t\t\t\t\t<\/div>\n\t\t\t\t<\/div>\n\t\t\t\t\t<\/div>\n\t\t<\/div>\n\t\t\t\t<div class=\"elementor-column elementor-col-50 elementor-top-column elementor-element elementor-element-d8085d9\" data-id=\"d8085d9\" data-element_type=\"column\" data-e-type=\"column\">\n\t\t\t<div class=\"elementor-widget-wrap elementor-element-populated\">\n\t\t\t\t\t\t<div class=\"elementor-element elementor-element-b2c8c3a elementor-widget elementor-widget-image\" data-id=\"b2c8c3a\" data-element_type=\"widget\" data-e-type=\"widget\" data-widget_type=\"image.default\">\n\t\t\t\t<div class=\"elementor-widget-container\">\n\t\t\t\t\t\t\t\t\t\t\t\t\t\t\t<img decoding=\"async\" width=\"300\" height=\"172\" src=\"https:\/\/www.jenny-online.fr\/wordpress\/wp-content\/uploads\/2025\/08\/Biologie-Microscope-Plantes-300x172.jpeg\" class=\"attachment-medium size-medium wp-image-1878\" alt=\"Biologie microscope plantes\" srcset=\"https:\/\/www.jenny-online.fr\/wordpress\/wp-content\/uploads\/2025\/08\/Biologie-Microscope-Plantes-300x172.jpeg 300w, https:\/\/www.jenny-online.fr\/wordpress\/wp-content\/uploads\/2025\/08\/Biologie-Microscope-Plantes.jpeg 766w\" sizes=\"(max-width: 300px) 100vw, 300px\" \/>\t\t\t\t\t\t\t\t\t\t\t\t\t\t\t<\/div>\n\t\t\t\t<\/div>\n\t\t\t\t<div class=\"elementor-element elementor-element-785b5e1 elementor-widget elementor-widget-heading\" data-id=\"785b5e1\" data-element_type=\"widget\" data-e-type=\"widget\" data-widget_type=\"heading.default\">\n\t\t\t\t<div class=\"elementor-widget-container\">\n\t\t\t\t\t<h2 class=\"elementor-heading-title elementor-size-default\">L3 PPPE<\/h2>\t\t\t\t<\/div>\n\t\t\t\t<\/div>\n\t\t\t\t<div class=\"elementor-element elementor-element-3b75a3b elementor-widget elementor-widget-heading\" data-id=\"3b75a3b\" data-element_type=\"widget\" data-e-type=\"widget\" data-widget_type=\"heading.default\">\n\t\t\t\t<div class=\"elementor-widget-container\">\n\t\t\t\t\t<h2 class=\"elementor-heading-title elementor-size-default\">Bi520 - Biologie<\/h2>\t\t\t\t<\/div>\n\t\t\t\t<\/div>\n\t\t\t\t<div class=\"elementor-element elementor-element-0bf552a elementor-align-center elementor-widget elementor-widget-button\" data-id=\"0bf552a\" data-element_type=\"widget\" data-e-type=\"widget\" data-widget_type=\"button.default\">\n\t\t\t\t<div class=\"elementor-widget-container\">\n\t\t\t\t\t\t\t\t\t<div class=\"elementor-button-wrapper\">\n\t\t\t\t\t<a class=\"elementor-button elementor-button-link elementor-size-sm\" href=\"https:\/\/svtice.jenny-online.fr\/svtice\/Licence%20PPPE\/L3%20PPPE%20Bi520%20-%20Ann%C3%A9e%202025\/?t=home\">\n\t\t\t\t\t\t<span class=\"elementor-button-content-wrapper\">\n\t\t\t\t\t\t<span class=\"elementor-button-icon\">\n\t\t\t\t<i aria-hidden=\"true\" class=\"far fa-arrow-alt-circle-right\"><\/i>\t\t\t<\/span>\n\t\t\t\t\t\t\t\t\t<span class=\"elementor-button-text\">C'est parti !<\/span>\n\t\t\t\t\t<\/span>\n\t\t\t\t\t<\/a>\n\t\t\t\t<\/div>\n\t\t\t\t\t\t\t\t<\/div>\n\t\t\t\t<\/div>\n\t\t\t\t\t<\/div>\n\t\t<\/div>\n\t\t\t\t\t<\/div>\n\t\t<\/section>\n\t\t\t\t<section class=\"elementor-section elementor-top-section elementor-element elementor-element-1c84a00 elementor-section-boxed elementor-section-height-default elementor-section-height-default\" data-id=\"1c84a00\" data-element_type=\"section\" data-e-type=\"section\">\n\t\t\t\t\t\t<div class=\"elementor-container elementor-column-gap-default\">\n\t\t\t\t\t<div class=\"elementor-column elementor-col-100 elementor-top-column elementor-element elementor-element-fe52ee7\" data-id=\"fe52ee7\" data-element_type=\"column\" data-e-type=\"column\">\n\t\t\t<div class=\"elementor-widget-wrap elementor-element-populated\">\n\t\t\t\t\t\t<div class=\"elementor-element elementor-element-df7bc3b elementor-widget elementor-widget-spacer\" data-id=\"df7bc3b\" data-element_type=\"widget\" data-e-type=\"widget\" data-widget_type=\"spacer.default\">\n\t\t\t\t<div class=\"elementor-widget-container\">\n\t\t\t\t\t\t\t<div class=\"elementor-spacer\">\n\t\t\t<div class=\"elementor-spacer-inner\"><\/div>\n\t\t<\/div>\n\t\t\t\t\t\t<\/div>\n\t\t\t\t<\/div>\n\t\t\t\t<div class=\"elementor-element elementor-element-249ff80 elementor-widget elementor-widget-text-editor\" data-id=\"249ff80\" data-element_type=\"widget\" data-e-type=\"widget\" data-widget_type=\"text-editor.default\">\n\t\t\t\t<div class=\"elementor-widget-container\">\n\t\t\t\t\t\t\t\t\t<p><em>Image de Couverture : Feliphe Schiarolli<\/em><\/p>\t\t\t\t\t\t\t\t<\/div>\n\t\t\t\t<\/div>\n\t\t\t\t<div class=\"elementor-element elementor-element-ac88b0a elementor-widget elementor-widget-spacer\" data-id=\"ac88b0a\" data-element_type=\"widget\" data-e-type=\"widget\" data-widget_type=\"spacer.default\">\n\t\t\t\t<div class=\"elementor-widget-container\">\n\t\t\t\t\t\t\t<div class=\"elementor-spacer\">\n\t\t\t<div class=\"elementor-spacer-inner\"><\/div>\n\t\t<\/div>\n\t\t\t\t\t\t<\/div>\n\t\t\t\t<\/div>\n\t\t\t\t\t<\/div>\n\t\t<\/div>\n\t\t\t\t\t<\/div>\n\t\t<\/section>\n\t\t\t\t<\/div>\n\t\t","protected":false},"excerpt":{"rendered":"<p>Cette page est d\u00e9di\u00e9es aux \u00e9tudiants en Licence PPPE (Parcours Pr\u00e9paratoire au Professorat des \u00c9coles) de l\u2019UVSQ. Les modules ci-dessous permettent de suivre le calendrier des s\u00e9ances propos\u00e9es, d\u2019en retrouver les documents importants, et de collaborer ! Modules L2 PPPE Bi203P &#8211; Ordre et Diversit\u00e9 du Vivant C&rsquo;est parti ! [&hellip;]<\/p>\n","protected":false},"author":1,"featured_media":1979,"parent":1765,"menu_order":7,"comment_status":"closed","ping_status":"closed","template":"page-templates\/template-fullwidth.php","meta":{"_eb_attr":"","slim_seo":{"title":"Cours de SVT et de Biologie de M. JENNY Niveau PPPE (Licence 2 et 3 de l'UVSQ)","description":"Cette page est d\u00e9di\u00e9es aux \u00e9tudiants en Licence PPPE (Parcours Pr\u00e9paratoire au Professorat des \u00c9coles) de l\u2019UVSQ. Les modules ci-dessous permettent de suivre le calendrier des s\u00e9ances propos\u00e9es, d\u2019en retrouver les documents importants, et de collaborer !"},"footnotes":""},"class_list":["post-1875","page","type-page","status-publish","has-post-thumbnail","hentry"],"_links":{"self":[{"href":"https:\/\/www.jenny-online.fr\/wordpress\/wp-json\/wp\/v2\/pages\/1875","targetHints":{"allow":["GET"]}}],"collection":[{"href":"https:\/\/www.jenny-online.fr\/wordpress\/wp-json\/wp\/v2\/pages"}],"about":[{"href":"https:\/\/www.jenny-online.fr\/wordpress\/wp-json\/wp\/v2\/types\/page"}],"author":[{"embeddable":true,"href":"https:\/\/www.jenny-online.fr\/wordpress\/wp-json\/wp\/v2\/users\/1"}],"replies":[{"embeddable":true,"href":"https:\/\/www.jenny-online.fr\/wordpress\/wp-json\/wp\/v2\/comments?post=1875"}],"version-history":[{"count":10,"href":"https:\/\/www.jenny-online.fr\/wordpress\/wp-json\/wp\/v2\/pages\/1875\/revisions"}],"predecessor-version":[{"id":2093,"href":"https:\/\/www.jenny-online.fr\/wordpress\/wp-json\/wp\/v2\/pages\/1875\/revisions\/2093"}],"up":[{"embeddable":true,"href":"https:\/\/www.jenny-online.fr\/wordpress\/wp-json\/wp\/v2\/pages\/1765"}],"wp:featuredmedia":[{"embeddable":true,"href":"https:\/\/www.jenny-online.fr\/wordpress\/wp-json\/wp\/v2\/media\/1979"}],"wp:attachment":[{"href":"https:\/\/www.jenny-online.fr\/wordpress\/wp-json\/wp\/v2\/media?parent=1875"}],"curies":[{"name":"wp","href":"https:\/\/api.w.org\/{rel}","templated":true}]}}