{"id":1885,"date":"2025-08-22T09:06:55","date_gmt":"2025-08-22T07:06:55","guid":{"rendered":"https:\/\/www.jenny-online.fr\/wordpress\/?page_id=1885"},"modified":"2025-08-22T11:32:45","modified_gmt":"2025-08-22T09:32:45","slug":"contrat-cahier","status":"publish","type":"page","link":"https:\/\/www.jenny-online.fr\/wordpress\/svtice\/contrat-cahier\/","title":{"rendered":"Contrat &#038; Cahier"},"content":{"rendered":"\t\t<div data-elementor-type=\"wp-page\" data-elementor-id=\"1885\" class=\"elementor elementor-1885\">\n\t\t\t\t\t\t<section class=\"elementor-section elementor-top-section elementor-element elementor-element-0697ad5 elementor-section-boxed elementor-section-height-default elementor-section-height-default\" data-id=\"0697ad5\" data-element_type=\"section\" data-e-type=\"section\">\n\t\t\t\t\t\t<div class=\"elementor-container elementor-column-gap-default\">\n\t\t\t\t\t<div class=\"elementor-column elementor-col-100 elementor-top-column elementor-element elementor-element-b9b5d4b\" data-id=\"b9b5d4b\" data-element_type=\"column\" data-e-type=\"column\">\n\t\t\t<div class=\"elementor-widget-wrap elementor-element-populated\">\n\t\t\t\t\t\t<div class=\"elementor-element elementor-element-a27b7dc elementor-widget elementor-widget-spacer\" data-id=\"a27b7dc\" data-element_type=\"widget\" data-e-type=\"widget\" data-widget_type=\"spacer.default\">\n\t\t\t\t<div class=\"elementor-widget-container\">\n\t\t\t\t\t\t\t<div class=\"elementor-spacer\">\n\t\t\t<div class=\"elementor-spacer-inner\"><\/div>\n\t\t<\/div>\n\t\t\t\t\t\t<\/div>\n\t\t\t\t<\/div>\n\t\t\t\t\t<\/div>\n\t\t<\/div>\n\t\t\t\t\t<\/div>\n\t\t<\/section>\n\t\t\t\t<section class=\"elementor-section elementor-top-section elementor-element elementor-element-d5b0e76 elementor-section-boxed elementor-section-height-default elementor-section-height-default\" data-id=\"d5b0e76\" data-element_type=\"section\" data-e-type=\"section\">\n\t\t\t\t\t\t<div class=\"elementor-container elementor-column-gap-default\">\n\t\t\t\t\t<div class=\"elementor-column elementor-col-50 elementor-top-column elementor-element elementor-element-a60d488\" data-id=\"a60d488\" data-element_type=\"column\" data-e-type=\"column\">\n\t\t\t<div class=\"elementor-widget-wrap elementor-element-populated\">\n\t\t\t\t\t\t<div class=\"elementor-element elementor-element-130525c elementor-widget elementor-widget-image\" data-id=\"130525c\" data-element_type=\"widget\" data-e-type=\"widget\" data-settings=\"{&quot;_animation&quot;:&quot;none&quot;}\" data-widget_type=\"image.default\">\n\t\t\t\t<div class=\"elementor-widget-container\">\n\t\t\t\t\t\t\t\t\t\t\t\t\t\t\t<img decoding=\"async\" width=\"150\" height=\"150\" src=\"https:\/\/www.jenny-online.fr\/wordpress\/wp-content\/uploads\/2024\/04\/Logo-SVT-simple-SANS-FOND-150x150.png\" class=\"attachment-thumbnail size-thumbnail wp-image-1643\" alt=\"Logo SVT simple SANS FOND\" srcset=\"https:\/\/www.jenny-online.fr\/wordpress\/wp-content\/uploads\/2024\/04\/Logo-SVT-simple-SANS-FOND-150x150.png 150w, https:\/\/www.jenny-online.fr\/wordpress\/wp-content\/uploads\/2024\/04\/elementor\/thumbs\/Logo-SVT-simple-SANS-FOND-qmk2ythsjm99e486j59u0vmuympw9gz0spxyauvnbc.png 20w, https:\/\/www.jenny-online.fr\/wordpress\/wp-content\/uploads\/2024\/04\/elementor\/thumbs\/Logo-SVT-simple-SANS-FOND-qmk2ythswrw6vioautj6npad9tzduzxqk9bi5a0tbo.png 50w, https:\/\/www.jenny-online.fr\/wordpress\/wp-content\/uploads\/2024\/04\/Logo-SVT-simple-SANS-FOND.png 155w\" sizes=\"(max-width: 150px) 100vw, 150px\" \/>\t\t\t\t\t\t\t\t\t\t\t\t\t\t\t<\/div>\n\t\t\t\t<\/div>\n\t\t\t\t\t<\/div>\n\t\t<\/div>\n\t\t\t\t<div class=\"elementor-column elementor-col-50 elementor-top-column elementor-element elementor-element-45a3ca8\" data-id=\"45a3ca8\" data-element_type=\"column\" data-e-type=\"column\">\n\t\t\t<div class=\"elementor-widget-wrap elementor-element-populated\">\n\t\t\t\t\t\t<div class=\"elementor-element elementor-element-937617e elementor-widget elementor-widget-heading\" data-id=\"937617e\" data-element_type=\"widget\" data-e-type=\"widget\" data-widget_type=\"heading.default\">\n\t\t\t\t<div class=\"elementor-widget-container\">\n\t\t\t\t\t<h2 class=\"elementor-heading-title elementor-size-default\">Documents importants<\/h2>\t\t\t\t<\/div>\n\t\t\t\t<\/div>\n\t\t\t\t<div class=\"elementor-element elementor-element-c615cbe elementor-widget elementor-widget-heading\" data-id=\"c615cbe\" data-element_type=\"widget\" data-e-type=\"widget\" data-widget_type=\"heading.default\">\n\t\t\t\t<div class=\"elementor-widget-container\">\n\t\t\t\t\t<h2 class=\"elementor-heading-title elementor-size-default\">\u00c0 placer en d\u00e9but de cahier<\/h2>\t\t\t\t<\/div>\n\t\t\t\t<\/div>\n\t\t\t\t\t<\/div>\n\t\t<\/div>\n\t\t\t\t\t<\/div>\n\t\t<\/section>\n\t\t\t\t<section class=\"elementor-section elementor-top-section elementor-element elementor-element-b34cd8d elementor-section-boxed elementor-section-height-default elementor-section-height-default\" data-id=\"b34cd8d\" data-element_type=\"section\" data-e-type=\"section\">\n\t\t\t\t\t\t<div class=\"elementor-container elementor-column-gap-default\">\n\t\t\t\t\t<div class=\"elementor-column elementor-col-100 elementor-top-column elementor-element elementor-element-aaa46e3\" data-id=\"aaa46e3\" data-element_type=\"column\" data-e-type=\"column\">\n\t\t\t<div class=\"elementor-widget-wrap elementor-element-populated\">\n\t\t\t\t\t\t<div class=\"elementor-element elementor-element-ba6b3a6 elementor-widget elementor-widget-spacer\" data-id=\"ba6b3a6\" data-element_type=\"widget\" data-e-type=\"widget\" data-widget_type=\"spacer.default\">\n\t\t\t\t<div class=\"elementor-widget-container\">\n\t\t\t\t\t\t\t<div class=\"elementor-spacer\">\n\t\t\t<div class=\"elementor-spacer-inner\"><\/div>\n\t\t<\/div>\n\t\t\t\t\t\t<\/div>\n\t\t\t\t<\/div>\n\t\t\t\t\t<\/div>\n\t\t<\/div>\n\t\t\t\t\t<\/div>\n\t\t<\/section>\n\t\t\t\t<section class=\"elementor-section elementor-top-section elementor-element elementor-element-0e2e973 elementor-section-boxed elementor-section-height-default elementor-section-height-default\" data-id=\"0e2e973\" data-element_type=\"section\" data-e-type=\"section\">\n\t\t\t\t\t\t<div class=\"elementor-container elementor-column-gap-default\">\n\t\t\t\t\t<div class=\"elementor-column elementor-col-50 elementor-top-column elementor-element elementor-element-48f71a9\" data-id=\"48f71a9\" data-element_type=\"column\" data-e-type=\"column\">\n\t\t\t<div class=\"elementor-widget-wrap elementor-element-populated\">\n\t\t\t\t\t\t<div class=\"elementor-element elementor-element-e05503d elementor-widget elementor-widget-image\" data-id=\"e05503d\" data-element_type=\"widget\" data-e-type=\"widget\" data-widget_type=\"image.default\">\n\t\t\t\t<div class=\"elementor-widget-container\">\n\t\t\t\t\t\t\t\t\t\t\t\t\t\t\t<img fetchpriority=\"high\" decoding=\"async\" width=\"677\" height=\"956\" src=\"https:\/\/www.jenny-online.fr\/wordpress\/wp-content\/uploads\/2025\/08\/Logo-Contrat-Peda.png\" class=\"attachment-medium_large size-medium_large wp-image-1887\" alt=\"Logo contrat p\u00e9da\" srcset=\"https:\/\/www.jenny-online.fr\/wordpress\/wp-content\/uploads\/2025\/08\/Logo-Contrat-Peda.png 677w, https:\/\/www.jenny-online.fr\/wordpress\/wp-content\/uploads\/2025\/08\/Logo-Contrat-Peda-212x300.png 212w\" sizes=\"(max-width: 677px) 100vw, 677px\" \/>\t\t\t\t\t\t\t\t\t\t\t\t\t\t\t<\/div>\n\t\t\t\t<\/div>\n\t\t\t\t<div class=\"elementor-element elementor-element-59fad68 elementor-widget elementor-widget-spacer\" data-id=\"59fad68\" data-element_type=\"widget\" data-e-type=\"widget\" data-widget_type=\"spacer.default\">\n\t\t\t\t<div class=\"elementor-widget-container\">\n\t\t\t\t\t\t\t<div class=\"elementor-spacer\">\n\t\t\t<div class=\"elementor-spacer-inner\"><\/div>\n\t\t<\/div>\n\t\t\t\t\t\t<\/div>\n\t\t\t\t<\/div>\n\t\t\t\t\t<\/div>\n\t\t<\/div>\n\t\t\t\t<div class=\"elementor-column elementor-col-50 elementor-top-column elementor-element elementor-element-24c3d99\" data-id=\"24c3d99\" data-element_type=\"column\" data-e-type=\"column\">\n\t\t\t<div class=\"elementor-widget-wrap elementor-element-populated\">\n\t\t\t\t\t\t<div class=\"elementor-element elementor-element-7fe99ad elementor-widget elementor-widget-heading\" data-id=\"7fe99ad\" data-element_type=\"widget\" data-e-type=\"widget\" data-widget_type=\"heading.default\">\n\t\t\t\t<div class=\"elementor-widget-container\">\n\t\t\t\t\t<h2 class=\"elementor-heading-title elementor-size-default\">Contrat P\u00e9dagogique\n<\/br> en SVT<\/h2>\t\t\t\t<\/div>\n\t\t\t\t<\/div>\n\t\t\t\t<div class=\"elementor-element elementor-element-d447e91 elementor-widget elementor-widget-heading\" data-id=\"d447e91\" data-element_type=\"widget\" data-e-type=\"widget\" data-widget_type=\"heading.default\">\n\t\t\t\t<div class=\"elementor-widget-container\">\n\t\t\t\t\t<h2 class=\"elementor-heading-title elementor-size-default\">Distribu\u00e9 en d\u00e9but d\u2019ann\u00e9e \u00e0 tous les \u00e9l\u00e8ves.\n<\/br> Il \u00e9tablit les r\u00e8gles en cours de SVT.<\/h2>\t\t\t\t<\/div>\n\t\t\t\t<\/div>\n\t\t\t\t<div class=\"elementor-element elementor-element-f558dbc elementor-align-center elementor-widget elementor-widget-button\" data-id=\"f558dbc\" data-element_type=\"widget\" data-e-type=\"widget\" data-widget_type=\"button.default\">\n\t\t\t\t<div class=\"elementor-widget-container\">\n\t\t\t\t\t\t\t\t\t<div class=\"elementor-button-wrapper\">\n\t\t\t\t\t<a class=\"elementor-button elementor-button-link elementor-size-sm\" href=\"https:\/\/svtice.jenny-online.fr\/svtice\/Ressources\/SVT%20-%20Contrat%20P%C3%A9dagogique.pdf\">\n\t\t\t\t\t\t<span class=\"elementor-button-content-wrapper\">\n\t\t\t\t\t\t<span class=\"elementor-button-icon\">\n\t\t\t\t<i aria-hidden=\"true\" class=\"far fa-arrow-alt-circle-down\"><\/i>\t\t\t<\/span>\n\t\t\t\t\t\t\t\t\t<span class=\"elementor-button-text\">T\u00e9l\u00e9charger<\/span>\n\t\t\t\t\t<\/span>\n\t\t\t\t\t<\/a>\n\t\t\t\t<\/div>\n\t\t\t\t\t\t\t\t<\/div>\n\t\t\t\t<\/div>\n\t\t\t\t<div class=\"elementor-element elementor-element-fc7acc8 elementor-widget elementor-widget-image\" data-id=\"fc7acc8\" data-element_type=\"widget\" data-e-type=\"widget\" data-widget_type=\"image.default\">\n\t\t\t\t<div class=\"elementor-widget-container\">\n\t\t\t\t\t\t\t\t\t\t\t\t\t\t\t<img decoding=\"async\" width=\"300\" height=\"300\" src=\"https:\/\/www.jenny-online.fr\/wordpress\/wp-content\/uploads\/2025\/08\/Fleche-01-300x300.png\" class=\"attachment-medium size-medium wp-image-1890\" alt=\"Fl\u00e8che 01\" srcset=\"https:\/\/www.jenny-online.fr\/wordpress\/wp-content\/uploads\/2025\/08\/Fleche-01-300x300.png 300w, https:\/\/www.jenny-online.fr\/wordpress\/wp-content\/uploads\/2025\/08\/Fleche-01-150x150.png 150w, https:\/\/www.jenny-online.fr\/wordpress\/wp-content\/uploads\/2025\/08\/Fleche-01.png 616w\" sizes=\"(max-width: 300px) 100vw, 300px\" \/>\t\t\t\t\t\t\t\t\t\t\t\t\t\t\t<\/div>\n\t\t\t\t<\/div>\n\t\t\t\t\t<\/div>\n\t\t<\/div>\n\t\t\t\t\t<\/div>\n\t\t<\/section>\n\t\t\t\t<section class=\"elementor-section elementor-top-section elementor-element elementor-element-c1d1fba elementor-section-boxed elementor-section-height-default elementor-section-height-default\" data-id=\"c1d1fba\" data-element_type=\"section\" data-e-type=\"section\">\n\t\t\t\t\t\t<div class=\"elementor-container elementor-column-gap-default\">\n\t\t\t\t\t<div class=\"elementor-column elementor-col-100 elementor-top-column elementor-element elementor-element-fba0d98\" data-id=\"fba0d98\" data-element_type=\"column\" data-e-type=\"column\">\n\t\t\t<div class=\"elementor-widget-wrap elementor-element-populated\">\n\t\t\t\t\t\t<div class=\"elementor-element elementor-element-8e4c529 elementor-widget elementor-widget-spacer\" data-id=\"8e4c529\" data-element_type=\"widget\" data-e-type=\"widget\" data-widget_type=\"spacer.default\">\n\t\t\t\t<div class=\"elementor-widget-container\">\n\t\t\t\t\t\t\t<div class=\"elementor-spacer\">\n\t\t\t<div class=\"elementor-spacer-inner\"><\/div>\n\t\t<\/div>\n\t\t\t\t\t\t<\/div>\n\t\t\t\t<\/div>\n\t\t\t\t\t<\/div>\n\t\t<\/div>\n\t\t\t\t\t<\/div>\n\t\t<\/section>\n\t\t\t\t<section class=\"elementor-section elementor-top-section elementor-element elementor-element-c5092d8 elementor-section-boxed elementor-section-height-default elementor-section-height-default\" data-id=\"c5092d8\" data-element_type=\"section\" data-e-type=\"section\">\n\t\t\t\t\t\t<div class=\"elementor-container elementor-column-gap-default\">\n\t\t\t\t\t<div class=\"elementor-column elementor-col-50 elementor-top-column elementor-element elementor-element-eaf2ed9\" data-id=\"eaf2ed9\" data-element_type=\"column\" data-e-type=\"column\">\n\t\t\t<div class=\"elementor-widget-wrap elementor-element-populated\">\n\t\t\t\t\t\t<div class=\"elementor-element elementor-element-c6d479b elementor-widget elementor-widget-heading\" data-id=\"c6d479b\" data-element_type=\"widget\" data-e-type=\"widget\" data-widget_type=\"heading.default\">\n\t\t\t\t<div class=\"elementor-widget-container\">\n\t\t\t\t\t<h2 class=\"elementor-heading-title elementor-size-default\">Pr\u00e9sentation du Cahier de SVT<\/h2>\t\t\t\t<\/div>\n\t\t\t\t<\/div>\n\t\t\t\t<div class=\"elementor-element elementor-element-7ae7398 elementor-widget elementor-widget-image\" data-id=\"7ae7398\" data-element_type=\"widget\" data-e-type=\"widget\" data-widget_type=\"image.default\">\n\t\t\t\t<div class=\"elementor-widget-container\">\n\t\t\t\t\t\t\t\t\t\t\t\t\t\t\t<img loading=\"lazy\" decoding=\"async\" width=\"750\" height=\"530\" src=\"https:\/\/www.jenny-online.fr\/wordpress\/wp-content\/uploads\/2025\/08\/Logo-Presentation-Cahier-1024x723.png\" class=\"attachment-large size-large wp-image-1889\" alt=\"Logo pr\u00e9sentation cahier\" srcset=\"https:\/\/www.jenny-online.fr\/wordpress\/wp-content\/uploads\/2025\/08\/Logo-Presentation-Cahier-1024x723.png 1024w, https:\/\/www.jenny-online.fr\/wordpress\/wp-content\/uploads\/2025\/08\/Logo-Presentation-Cahier-300x212.png 300w, https:\/\/www.jenny-online.fr\/wordpress\/wp-content\/uploads\/2025\/08\/Logo-Presentation-Cahier-768x542.png 768w, https:\/\/www.jenny-online.fr\/wordpress\/wp-content\/uploads\/2025\/08\/Logo-Presentation-Cahier.png 1356w\" sizes=\"(max-width: 750px) 100vw, 750px\" \/>\t\t\t\t\t\t\t\t\t\t\t\t\t\t\t<\/div>\n\t\t\t\t<\/div>\n\t\t\t\t<div class=\"elementor-element elementor-element-0810855 elementor-widget elementor-widget-heading\" data-id=\"0810855\" data-element_type=\"widget\" data-e-type=\"widget\" data-widget_type=\"heading.default\">\n\t\t\t\t<div class=\"elementor-widget-container\">\n\t\t\t\t\t<h2 class=\"elementor-heading-title elementor-size-default\">Les cours suivent toujours la m\u00eame structure et doivent si possible \u00eatre pr\u00e9sent\u00e9s de la fa\u00e7on suivante.<\/h2>\t\t\t\t<\/div>\n\t\t\t\t<\/div>\n\t\t\t\t<div class=\"elementor-element elementor-element-7947de2 elementor-widget elementor-widget-spacer\" data-id=\"7947de2\" data-element_type=\"widget\" data-e-type=\"widget\" data-widget_type=\"spacer.default\">\n\t\t\t\t<div class=\"elementor-widget-container\">\n\t\t\t\t\t\t\t<div class=\"elementor-spacer\">\n\t\t\t<div class=\"elementor-spacer-inner\"><\/div>\n\t\t<\/div>\n\t\t\t\t\t\t<\/div>\n\t\t\t\t<\/div>\n\t\t\t\t<div class=\"elementor-element elementor-element-161224e elementor-align-center elementor-widget elementor-widget-button\" data-id=\"161224e\" data-element_type=\"widget\" data-e-type=\"widget\" data-widget_type=\"button.default\">\n\t\t\t\t<div class=\"elementor-widget-container\">\n\t\t\t\t\t\t\t\t\t<div class=\"elementor-button-wrapper\">\n\t\t\t\t\t<a class=\"elementor-button elementor-button-link elementor-size-sm\" href=\"https:\/\/svtice.jenny-online.fr\/svtice\/Ressources\/SVT%20-%20Pr%C3%A9sentation%20Cahier.pdf\">\n\t\t\t\t\t\t<span class=\"elementor-button-content-wrapper\">\n\t\t\t\t\t\t<span class=\"elementor-button-icon\">\n\t\t\t\t<i aria-hidden=\"true\" class=\"far fa-arrow-alt-circle-down\"><\/i>\t\t\t<\/span>\n\t\t\t\t\t\t\t\t\t<span class=\"elementor-button-text\">T\u00e9l\u00e9charger<\/span>\n\t\t\t\t\t<\/span>\n\t\t\t\t\t<\/a>\n\t\t\t\t<\/div>\n\t\t\t\t\t\t\t\t<\/div>\n\t\t\t\t<\/div>\n\t\t\t\t\t<\/div>\n\t\t<\/div>\n\t\t\t\t<div class=\"elementor-column elementor-col-50 elementor-top-column elementor-element elementor-element-aa97a83\" data-id=\"aa97a83\" data-element_type=\"column\" data-e-type=\"column\">\n\t\t\t<div class=\"elementor-widget-wrap elementor-element-populated\">\n\t\t\t\t\t\t<div class=\"elementor-element elementor-element-3d01115 elementor-widget elementor-widget-heading\" data-id=\"3d01115\" data-element_type=\"widget\" data-e-type=\"widget\" data-widget_type=\"heading.default\">\n\t\t\t\t<div class=\"elementor-widget-container\">\n\t\t\t\t\t<h2 class=\"elementor-heading-title elementor-size-default\">Passeport de Comp\u00e9tences en SVT<\/h2>\t\t\t\t<\/div>\n\t\t\t\t<\/div>\n\t\t\t\t<div class=\"elementor-element elementor-element-07f2f75 elementor-widget elementor-widget-image\" data-id=\"07f2f75\" data-element_type=\"widget\" data-e-type=\"widget\" data-widget_type=\"image.default\">\n\t\t\t\t<div class=\"elementor-widget-container\">\n\t\t\t\t\t\t\t\t\t\t\t\t\t\t\t<img loading=\"lazy\" decoding=\"async\" width=\"750\" height=\"530\" src=\"https:\/\/www.jenny-online.fr\/wordpress\/wp-content\/uploads\/2025\/08\/Logo-Passeport-Cpt-1024x724.png\" class=\"attachment-large size-large wp-image-1888\" alt=\"Logo passeport cpt\" srcset=\"https:\/\/www.jenny-online.fr\/wordpress\/wp-content\/uploads\/2025\/08\/Logo-Passeport-Cpt-1024x724.png 1024w, https:\/\/www.jenny-online.fr\/wordpress\/wp-content\/uploads\/2025\/08\/Logo-Passeport-Cpt-300x212.png 300w, https:\/\/www.jenny-online.fr\/wordpress\/wp-content\/uploads\/2025\/08\/Logo-Passeport-Cpt-768x543.png 768w, https:\/\/www.jenny-online.fr\/wordpress\/wp-content\/uploads\/2025\/08\/Logo-Passeport-Cpt.png 1392w\" sizes=\"(max-width: 750px) 100vw, 750px\" \/>\t\t\t\t\t\t\t\t\t\t\t\t\t\t\t<\/div>\n\t\t\t\t<\/div>\n\t\t\t\t<div class=\"elementor-element elementor-element-fb84662 elementor-widget elementor-widget-heading\" data-id=\"fb84662\" data-element_type=\"widget\" data-e-type=\"widget\" data-widget_type=\"heading.default\">\n\t\t\t\t<div class=\"elementor-widget-container\">\n\t\t\t\t\t<h2 class=\"elementor-heading-title elementor-size-default\">En 6\u00e8me, il n\u2019y a pas de notes&nbsp;! Les \u00e9l\u00e8ves sont \u00e9valu\u00e9s sur la maitrise de diff\u00e9rentes comp\u00e9tences r\u00e9pertori\u00e9es dans ce document qui doit \u00eatre compl\u00e9t\u00e9 apr\u00e8s chaque \u00e9valuation.<\/h2>\t\t\t\t<\/div>\n\t\t\t\t<\/div>\n\t\t\t\t<div class=\"elementor-element elementor-element-0b6dae7 elementor-align-center elementor-widget elementor-widget-button\" data-id=\"0b6dae7\" data-element_type=\"widget\" data-e-type=\"widget\" data-widget_type=\"button.default\">\n\t\t\t\t<div class=\"elementor-widget-container\">\n\t\t\t\t\t\t\t\t\t<div class=\"elementor-button-wrapper\">\n\t\t\t\t\t<a class=\"elementor-button elementor-button-link elementor-size-sm\" href=\"https:\/\/svtice.jenny-online.fr\/svtice\/Ressources\/SVT%20-%20Passeport%20Comp%C3%A9tences%206%C3%A8me.pdf\">\n\t\t\t\t\t\t<span class=\"elementor-button-content-wrapper\">\n\t\t\t\t\t\t<span class=\"elementor-button-icon\">\n\t\t\t\t<i aria-hidden=\"true\" class=\"far fa-arrow-alt-circle-down\"><\/i>\t\t\t<\/span>\n\t\t\t\t\t\t\t\t\t<span class=\"elementor-button-text\">T\u00e9l\u00e9charger<\/span>\n\t\t\t\t\t<\/span>\n\t\t\t\t\t<\/a>\n\t\t\t\t<\/div>\n\t\t\t\t\t\t\t\t<\/div>\n\t\t\t\t<\/div>\n\t\t\t\t<div class=\"elementor-element elementor-element-87ebb48 elementor-align-center elementor-widget elementor-widget-button\" data-id=\"87ebb48\" data-element_type=\"widget\" data-e-type=\"widget\" data-widget_type=\"button.default\">\n\t\t\t\t<div class=\"elementor-widget-container\">\n\t\t\t\t\t\t\t\t\t<div class=\"elementor-button-wrapper\">\n\t\t\t\t\t<a class=\"elementor-button elementor-button-link elementor-size-sm\" href=\"https:\/\/www.jenny-online.fr\/wordpress\/svtice\/competences\/\">\n\t\t\t\t\t\t<span class=\"elementor-button-content-wrapper\">\n\t\t\t\t\t\t<span class=\"elementor-button-icon\">\n\t\t\t\t<i aria-hidden=\"true\" class=\"far fa-paper-plane\"><\/i>\t\t\t<\/span>\n\t\t\t\t\t\t\t\t\t<span class=\"elementor-button-text\">Travailler les comp\u00e9tences<\/span>\n\t\t\t\t\t<\/span>\n\t\t\t\t\t<\/a>\n\t\t\t\t<\/div>\n\t\t\t\t\t\t\t\t<\/div>\n\t\t\t\t<\/div>\n\t\t\t\t\t<\/div>\n\t\t<\/div>\n\t\t\t\t\t<\/div>\n\t\t<\/section>\n\t\t\t\t<section class=\"elementor-section elementor-top-section elementor-element elementor-element-8baa0cd elementor-section-boxed elementor-section-height-default elementor-section-height-default\" data-id=\"8baa0cd\" data-element_type=\"section\" data-e-type=\"section\">\n\t\t\t\t\t\t<div class=\"elementor-container elementor-column-gap-default\">\n\t\t\t\t\t<div class=\"elementor-column elementor-col-100 elementor-top-column elementor-element elementor-element-71f50f1\" data-id=\"71f50f1\" data-element_type=\"column\" data-e-type=\"column\">\n\t\t\t<div class=\"elementor-widget-wrap elementor-element-populated\">\n\t\t\t\t\t\t<div class=\"elementor-element elementor-element-5a6b7d2 elementor-widget elementor-widget-spacer\" data-id=\"5a6b7d2\" data-element_type=\"widget\" data-e-type=\"widget\" data-widget_type=\"spacer.default\">\n\t\t\t\t<div class=\"elementor-widget-container\">\n\t\t\t\t\t\t\t<div class=\"elementor-spacer\">\n\t\t\t<div class=\"elementor-spacer-inner\"><\/div>\n\t\t<\/div>\n\t\t\t\t\t\t<\/div>\n\t\t\t\t<\/div>\n\t\t\t\t<div class=\"elementor-element elementor-element-6f036db elementor-widget elementor-widget-text-editor\" data-id=\"6f036db\" data-element_type=\"widget\" data-e-type=\"widget\" data-widget_type=\"text-editor.default\">\n\t\t\t\t<div class=\"elementor-widget-container\">\n\t\t\t\t\t\t\t\t\t<p><em>Image de Couverture : Patrick Perkins<\/em><\/p>\t\t\t\t\t\t\t\t<\/div>\n\t\t\t\t<\/div>\n\t\t\t\t<div class=\"elementor-element elementor-element-6b6db45 elementor-widget elementor-widget-spacer\" data-id=\"6b6db45\" data-element_type=\"widget\" data-e-type=\"widget\" data-widget_type=\"spacer.default\">\n\t\t\t\t<div class=\"elementor-widget-container\">\n\t\t\t\t\t\t\t<div class=\"elementor-spacer\">\n\t\t\t<div class=\"elementor-spacer-inner\"><\/div>\n\t\t<\/div>\n\t\t\t\t\t\t<\/div>\n\t\t\t\t<\/div>\n\t\t\t\t\t<\/div>\n\t\t<\/div>\n\t\t\t\t\t<\/div>\n\t\t<\/section>\n\t\t\t\t<\/div>\n\t\t","protected":false},"excerpt":{"rendered":"<p>Documents importants \u00c0 placer en d\u00e9but de cahier Contrat P\u00e9dagogique en SVT Distribu\u00e9 en d\u00e9but d\u2019ann\u00e9e \u00e0 tous les \u00e9l\u00e8ves. Il \u00e9tablit les r\u00e8gles en cours de SVT. T\u00e9l\u00e9charger Pr\u00e9sentation du Cahier de SVT Les cours suivent toujours la m\u00eame structure et doivent si possible \u00eatre pr\u00e9sent\u00e9s de la fa\u00e7on [&hellip;]<\/p>\n","protected":false},"author":1,"featured_media":1971,"parent":1765,"menu_order":6,"comment_status":"closed","ping_status":"closed","template":"page-templates\/template-fullwidth.php","meta":{"_eb_attr":"","slim_seo":{"title":"Cours de SVT de M. JENNY - Contrat P\u00e9dagogique et Pr\u00e9sentation du Cahier de SVT","description":"Cette page s\u2019adresse essentiellement aux \u00e9l\u00e8ves de M. JENNY en SVT souhaitant retrouver les documents distribu\u00e9s en d\u00e9but d\u2019ann\u00e9e\u00a0: r\u00e8gles en cours de SVT\u00a0; mani\u00e8re de pr\u00e9senter le cahier\u00a0; liste des comp\u00e9tences travaill\u00e9es..."},"footnotes":""},"class_list":["post-1885","page","type-page","status-publish","has-post-thumbnail","hentry"],"_links":{"self":[{"href":"https:\/\/www.jenny-online.fr\/wordpress\/wp-json\/wp\/v2\/pages\/1885","targetHints":{"allow":["GET"]}}],"collection":[{"href":"https:\/\/www.jenny-online.fr\/wordpress\/wp-json\/wp\/v2\/pages"}],"about":[{"href":"https:\/\/www.jenny-online.fr\/wordpress\/wp-json\/wp\/v2\/types\/page"}],"author":[{"embeddable":true,"href":"https:\/\/www.jenny-online.fr\/wordpress\/wp-json\/wp\/v2\/users\/1"}],"replies":[{"embeddable":true,"href":"https:\/\/www.jenny-online.fr\/wordpress\/wp-json\/wp\/v2\/comments?post=1885"}],"version-history":[{"count":13,"href":"https:\/\/www.jenny-online.fr\/wordpress\/wp-json\/wp\/v2\/pages\/1885\/revisions"}],"predecessor-version":[{"id":1974,"href":"https:\/\/www.jenny-online.fr\/wordpress\/wp-json\/wp\/v2\/pages\/1885\/revisions\/1974"}],"up":[{"embeddable":true,"href":"https:\/\/www.jenny-online.fr\/wordpress\/wp-json\/wp\/v2\/pages\/1765"}],"wp:featuredmedia":[{"embeddable":true,"href":"https:\/\/www.jenny-online.fr\/wordpress\/wp-json\/wp\/v2\/media\/1971"}],"wp:attachment":[{"href":"https:\/\/www.jenny-online.fr\/wordpress\/wp-json\/wp\/v2\/media?parent=1885"}],"curies":[{"name":"wp","href":"https:\/\/api.w.org\/{rel}","templated":true}]}}