{"id":656,"date":"2022-05-04T23:09:26","date_gmt":"2022-05-04T21:09:26","guid":{"rendered":"https:\/\/www.jenny-online.fr\/wordpress\/?page_id=656"},"modified":"2025-08-22T11:14:48","modified_gmt":"2025-08-22T09:14:48","slug":"blocnotes","status":"publish","type":"page","link":"https:\/\/www.jenny-online.fr\/wordpress\/blocnotes\/","title":{"rendered":"Le Bloc-Notes"},"content":{"rendered":"\t\t<div data-elementor-type=\"wp-page\" data-elementor-id=\"656\" class=\"elementor elementor-656\">\n\t\t\t\t\t\t<section class=\"elementor-section elementor-top-section elementor-element elementor-element-72f8c1f elementor-section-boxed elementor-section-height-default elementor-section-height-default\" data-id=\"72f8c1f\" data-element_type=\"section\" data-e-type=\"section\">\n\t\t\t\t\t\t<div class=\"elementor-container elementor-column-gap-default\">\n\t\t\t\t\t<div class=\"elementor-column elementor-col-100 elementor-top-column elementor-element elementor-element-36f5222\" data-id=\"36f5222\" data-element_type=\"column\" data-e-type=\"column\">\n\t\t\t<div class=\"elementor-widget-wrap elementor-element-populated\">\n\t\t\t\t\t\t<div class=\"elementor-element elementor-element-fcbe2e9 elementor-widget elementor-widget-spacer\" data-id=\"fcbe2e9\" data-element_type=\"widget\" data-e-type=\"widget\" data-widget_type=\"spacer.default\">\n\t\t\t\t<div class=\"elementor-widget-container\">\n\t\t\t\t\t\t\t<div class=\"elementor-spacer\">\n\t\t\t<div class=\"elementor-spacer-inner\"><\/div>\n\t\t<\/div>\n\t\t\t\t\t\t<\/div>\n\t\t\t\t<\/div>\n\t\t\t\t<div class=\"elementor-element elementor-element-e50cdc7 elementor-widget elementor-widget-heading\" data-id=\"e50cdc7\" data-element_type=\"widget\" data-e-type=\"widget\" data-widget_type=\"heading.default\">\n\t\t\t\t<div class=\"elementor-widget-container\">\n\t\t\t\t\t<h2 class=\"elementor-heading-title elementor-size-default\">Diverses ressources plus ou moins pertinentes et plus ou moins bien class\u00e9es...<\/h2>\t\t\t\t<\/div>\n\t\t\t\t<\/div>\n\t\t\t\t<div class=\"elementor-element elementor-element-351a8c3 elementor-widget elementor-widget-spacer\" data-id=\"351a8c3\" data-element_type=\"widget\" data-e-type=\"widget\" data-widget_type=\"spacer.default\">\n\t\t\t\t<div class=\"elementor-widget-container\">\n\t\t\t\t\t\t\t<div class=\"elementor-spacer\">\n\t\t\t<div class=\"elementor-spacer-inner\"><\/div>\n\t\t<\/div>\n\t\t\t\t\t\t<\/div>\n\t\t\t\t<\/div>\n\t\t\t\t<div class=\"elementor-element elementor-element-3b5ae5a elementor-widget elementor-widget-heading\" data-id=\"3b5ae5a\" data-element_type=\"widget\" data-e-type=\"widget\" data-widget_type=\"heading.default\">\n\t\t\t\t<div class=\"elementor-widget-container\">\n\t\t\t\t\t<h2 class=\"elementor-heading-title elementor-size-default\">Ressources SVT<\/h2>\t\t\t\t<\/div>\n\t\t\t\t<\/div>\n\t\t\t\t\t<\/div>\n\t\t<\/div>\n\t\t\t\t\t<\/div>\n\t\t<\/section>\n\t\t\t\t<section class=\"elementor-section elementor-top-section elementor-element elementor-element-13705b0 elementor-section-boxed elementor-section-height-default elementor-section-height-default\" data-id=\"13705b0\" data-element_type=\"section\" data-e-type=\"section\">\n\t\t\t\t\t\t<div class=\"elementor-container elementor-column-gap-default\">\n\t\t\t\t\t<div class=\"elementor-column elementor-col-33 elementor-top-column elementor-element elementor-element-fe5cabe\" data-id=\"fe5cabe\" data-element_type=\"column\" data-e-type=\"column\">\n\t\t\t<div class=\"elementor-widget-wrap elementor-element-populated\">\n\t\t\t\t\t\t<div class=\"elementor-element elementor-element-b14cfac elementor-view-default elementor-widget elementor-widget-icon\" data-id=\"b14cfac\" data-element_type=\"widget\" data-e-type=\"widget\" data-widget_type=\"icon.default\">\n\t\t\t\t<div class=\"elementor-widget-container\">\n\t\t\t\t\t\t\t<div class=\"elementor-icon-wrapper\">\n\t\t\t<a class=\"elementor-icon elementor-animation-grow\" href=\"https:\/\/www.jenny-online.fr\/ressources\/metazoaires.html\" target=\"_blank\">\n\t\t\t<i aria-hidden=\"true\" class=\"fas fa-bug\"><\/i>\t\t\t<\/a>\n\t\t<\/div>\n\t\t\t\t\t\t<\/div>\n\t\t\t\t<\/div>\n\t\t\t\t<div class=\"elementor-element elementor-element-30d1e69 elementor-widget elementor-widget-heading\" data-id=\"30d1e69\" data-element_type=\"widget\" data-e-type=\"widget\" data-widget_type=\"heading.default\">\n\t\t\t\t<div class=\"elementor-widget-container\">\n\t\t\t\t\t<h2 class=\"elementor-heading-title elementor-size-default\"><a href=\"https:\/\/www.jenny-online.fr\/ressources\/metazoaires.html\" target=\"_blank\">Phylog\u00e9nie des M\u00e9tazoaires<\/a><\/h2>\t\t\t\t<\/div>\n\t\t\t\t<\/div>\n\t\t\t\t<div class=\"elementor-element elementor-element-4591e58 elementor-widget elementor-widget-heading\" data-id=\"4591e58\" data-element_type=\"widget\" data-e-type=\"widget\" data-widget_type=\"heading.default\">\n\t\t\t\t<div class=\"elementor-widget-container\">\n\t\t\t\t\t<h2 class=\"elementor-heading-title elementor-size-default\">Arbre phylog\u00e9n\u00e9tique simplifi\u00e9 interactif des m\u00e9tazoaires<\/h2>\t\t\t\t<\/div>\n\t\t\t\t<\/div>\n\t\t\t\t\t<\/div>\n\t\t<\/div>\n\t\t\t\t<div class=\"elementor-column elementor-col-33 elementor-top-column elementor-element elementor-element-c91f1d5\" data-id=\"c91f1d5\" data-element_type=\"column\" data-e-type=\"column\">\n\t\t\t<div class=\"elementor-widget-wrap elementor-element-populated\">\n\t\t\t\t\t\t<div class=\"elementor-element elementor-element-eb14b6a elementor-view-default elementor-widget elementor-widget-icon\" data-id=\"eb14b6a\" data-element_type=\"widget\" data-e-type=\"widget\" data-widget_type=\"icon.default\">\n\t\t\t\t<div class=\"elementor-widget-container\">\n\t\t\t\t\t\t\t<div class=\"elementor-icon-wrapper\">\n\t\t\t<a class=\"elementor-icon elementor-animation-grow\" href=\"https:\/\/www.jenny-online.fr\/ressources\/diversite-apprespi.html\" target=\"_blank\">\n\t\t\t<i aria-hidden=\"true\" class=\"fas fa-fish\"><\/i>\t\t\t<\/a>\n\t\t<\/div>\n\t\t\t\t\t\t<\/div>\n\t\t\t\t<\/div>\n\t\t\t\t<div class=\"elementor-element elementor-element-372d064 elementor-widget elementor-widget-heading\" data-id=\"372d064\" data-element_type=\"widget\" data-e-type=\"widget\" data-widget_type=\"heading.default\">\n\t\t\t\t<div class=\"elementor-widget-container\">\n\t\t\t\t\t<h2 class=\"elementor-heading-title elementor-size-default\"><a href=\"https:\/\/www.jenny-online.fr\/ressources\/diversite-apprespi.html\" target=\"_blank\">Appareils respiratoires<\/a><\/h2>\t\t\t\t<\/div>\n\t\t\t\t<\/div>\n\t\t\t\t<div class=\"elementor-element elementor-element-09a5b7a elementor-widget elementor-widget-heading\" data-id=\"09a5b7a\" data-element_type=\"widget\" data-e-type=\"widget\" data-widget_type=\"heading.default\">\n\t\t\t\t<div class=\"elementor-widget-container\">\n\t\t\t\t\t<h2 class=\"elementor-heading-title elementor-size-default\">Carte mentale sur la diversit\u00e9 des appareils respiratoires des m\u00e9tazoaires<\/h2>\t\t\t\t<\/div>\n\t\t\t\t<\/div>\n\t\t\t\t\t<\/div>\n\t\t<\/div>\n\t\t\t\t<div class=\"elementor-column elementor-col-33 elementor-top-column elementor-element elementor-element-fb892b1\" data-id=\"fb892b1\" data-element_type=\"column\" data-e-type=\"column\">\n\t\t\t<div class=\"elementor-widget-wrap\">\n\t\t\t\t\t\t\t<\/div>\n\t\t<\/div>\n\t\t\t\t\t<\/div>\n\t\t<\/section>\n\t\t\t\t<section class=\"elementor-section elementor-top-section elementor-element elementor-element-e88827d elementor-section-boxed elementor-section-height-default elementor-section-height-default\" data-id=\"e88827d\" data-element_type=\"section\" data-e-type=\"section\">\n\t\t\t\t\t\t<div class=\"elementor-container elementor-column-gap-default\">\n\t\t\t\t\t<div class=\"elementor-column elementor-col-100 elementor-top-column elementor-element elementor-element-95f9599\" data-id=\"95f9599\" data-element_type=\"column\" data-e-type=\"column\">\n\t\t\t<div class=\"elementor-widget-wrap elementor-element-populated\">\n\t\t\t\t\t\t<div class=\"elementor-element elementor-element-b0040e6 elementor-widget elementor-widget-spacer\" data-id=\"b0040e6\" data-element_type=\"widget\" data-e-type=\"widget\" data-widget_type=\"spacer.default\">\n\t\t\t\t<div class=\"elementor-widget-container\">\n\t\t\t\t\t\t\t<div class=\"elementor-spacer\">\n\t\t\t<div class=\"elementor-spacer-inner\"><\/div>\n\t\t<\/div>\n\t\t\t\t\t\t<\/div>\n\t\t\t\t<\/div>\n\t\t\t\t\t<\/div>\n\t\t<\/div>\n\t\t\t\t\t<\/div>\n\t\t<\/section>\n\t\t\t\t<\/div>\n\t\t","protected":false},"excerpt":{"rendered":"<p>Diverses ressources plus ou moins pertinentes et plus ou moins bien class\u00e9es&#8230; Ressources SVT Phylog\u00e9nie des M\u00e9tazoaires Arbre phylog\u00e9n\u00e9tique simplifi\u00e9 interactif des m\u00e9tazoaires Appareils respiratoires Carte mentale sur la diversit\u00e9 des appareils respiratoires des m\u00e9tazoaires<\/p>\n","protected":false},"author":1,"featured_media":937,"parent":0,"menu_order":0,"comment_status":"closed","ping_status":"closed","template":"page-templates\/template-fullwidth.php","meta":{"_eb_attr":"","slim_seo":{"title":"Le Bloc-Notes - Jenny-Online","description":"Diverses ressources plus ou moins pertinentes et plus ou moins bien class\u00e9es... Ressources SVT Phylog\u00e9nie des M\u00e9tazoaires Arbre phylog\u00e9n\u00e9tique simplifi\u00e9 interac"},"footnotes":""},"class_list":["post-656","page","type-page","status-publish","has-post-thumbnail","hentry"],"_links":{"self":[{"href":"https:\/\/www.jenny-online.fr\/wordpress\/wp-json\/wp\/v2\/pages\/656","targetHints":{"allow":["GET"]}}],"collection":[{"href":"https:\/\/www.jenny-online.fr\/wordpress\/wp-json\/wp\/v2\/pages"}],"about":[{"href":"https:\/\/www.jenny-online.fr\/wordpress\/wp-json\/wp\/v2\/types\/page"}],"author":[{"embeddable":true,"href":"https:\/\/www.jenny-online.fr\/wordpress\/wp-json\/wp\/v2\/users\/1"}],"replies":[{"embeddable":true,"href":"https:\/\/www.jenny-online.fr\/wordpress\/wp-json\/wp\/v2\/comments?post=656"}],"version-history":[{"count":51,"href":"https:\/\/www.jenny-online.fr\/wordpress\/wp-json\/wp\/v2\/pages\/656\/revisions"}],"predecessor-version":[{"id":1939,"href":"https:\/\/www.jenny-online.fr\/wordpress\/wp-json\/wp\/v2\/pages\/656\/revisions\/1939"}],"wp:featuredmedia":[{"embeddable":true,"href":"https:\/\/www.jenny-online.fr\/wordpress\/wp-json\/wp\/v2\/media\/937"}],"wp:attachment":[{"href":"https:\/\/www.jenny-online.fr\/wordpress\/wp-json\/wp\/v2\/media?parent=656"}],"curies":[{"name":"wp","href":"https:\/\/api.w.org\/{rel}","templated":true}]}}